{"id":3021,"date":"2020-10-21T09:02:08","date_gmt":"2020-10-21T07:02:08","guid":{"rendered":"https:\/\/innovaluppolo.crea.gov.it\/?page_id=3021"},"modified":"2023-04-18T13:03:08","modified_gmt":"2023-04-18T11:03:08","slug":"note-legali","status":"publish","type":"page","link":"https:\/\/innovaluppolo.crea.gov.it\/?page_id=3021","title":{"rendered":"Note Legali"},"content":{"rendered":"\t\t<div data-elementor-type=\"wp-post\" data-elementor-id=\"3021\" class=\"elementor elementor-3021\">\n\t\t\t\t\t\t\t\t\t<section class=\"elementor-section elementor-top-section elementor-element elementor-element-aaccc98 elementor-section-boxed elementor-section-height-default elementor-section-height-default\" data-id=\"aaccc98\" data-element_type=\"section\">\n\t\t\t\t\t\t<div class=\"elementor-container elementor-column-gap-default\">\n\t\t\t\t\t<div class=\"elementor-column elementor-col-100 elementor-top-column elementor-element elementor-element-4a7c85a\" data-id=\"4a7c85a\" data-element_type=\"column\">\n\t\t\t<div class=\"elementor-widget-wrap elementor-element-populated\">\n\t\t\t\t\t\t\t\t<div class=\"elementor-element elementor-element-630f990 elementor-widget elementor-widget-text-editor\" data-id=\"630f990\" data-element_type=\"widget\" data-widget_type=\"text-editor.default\">\n\t\t\t\t<div class=\"elementor-widget-container\">\n\t\t\t\t\t\t\t<h2>Premessa<\/h2>\n<p><span style=\"word-spacing: normal;\">Il Consiglio per la Ricerca in agricoltura e l\u2019analisi dell\u2019Economia Agraria (CREA) ha realizzato il Sito&nbsp;<\/span><a style=\"word-spacing: normal; color: #076633; background-color: rgba(255, 255, 255, 0.02);\" href=\"https:\/\/innovaluppolo.crea.gov.it\/\" target=\"_blank\" rel=\"noopener\"><span style=\"font-weight: bold;\"><u>innovaluppolo.crea.gov.it<\/u><\/span><\/a><b style=\"word-spacing: normal;\">&nbsp;<\/b><span style=\"word-spacing: normal;\">(di seguito \u201cil Sito\u201d) con l&#8217;obiettivo di pubblicare dati e documenti relativi ai servizi, alla struttura e alle attivit\u00e0 svolte dall\u2019Ente e di fornire a pubbliche amministrazioni, imprese e cittadini informazioni sul settore agroalimentare.<\/span><\/p>\n<p>Nella presente pagina sono riportate le Note legali relative all\u2019utilizzo del Sito.<\/p>\n<p>Il presente documento potr\u00e0 essere modificato in qualsiasi momento e senza preavviso. L\u2019Utente \u00e8 pertanto invitato a prendere regolarmente visione dell\u2019ultima versione aggiornata delle stesse, disponibile e permanentemente accessibile da qualunque pagina del sito, cliccando sul collegamento \u201cNote legali\u201d.<\/p>\n<h2>Copyright<\/h2>\n<p>La visualizzazione, il download e qualunque utilizzo dei dati pubblicati sul presente tipo comporta accettazione delle presenti note legali e delle condizioni della licenza con cui sono pubblicati.<\/p>\n<p>Salvo ove diversamente indicato, i dati pubblicati sul presente sito sono messi a disposizione con licenza CC-BY 3.0, il cui testo integrale \u00e8 disponibile al seguente indirizzo:&nbsp;<span style=\"word-spacing: normal;\">lizzato il Sito&nbsp;<\/span><a style=\"word-spacing: normal; color: #076633; background-color: rgba(255, 255, 255, 0.02);\" href=\"http:\/\/creativecommons.org\/licenses\/by\/3.0\/it\/legalcode\" target=\"_blank\" rel=\"noopener\"><span style=\"font-weight: bold;\"><u>http:\/\/creativecommons.org\/licenses\/by\/3.0\/it\/legalcode<\/u><\/span><\/a><span style=\"word-spacing: normal; font-weight: bold;\">&nbsp;<\/span><span style=\"word-spacing: normal;\">.<\/span><\/p>\n<p><span style=\"word-spacing: normal;\">Questo significa che, ove non diversamente specificato, i contenuti di questo sito sono liberamente distribuibili e riutilizzabili, a patto che sia sempre citata la fonte e \u2013 ove possibile &#8211; riportato l&#8217;indirizzo web della pagina originale.<\/span><\/p>\n<h2>Utilizzo del sito e download<\/h2>\n<p>Tutti i documenti pubblicati sul presente sito sono conformi e corrispondenti agli atti originali.<\/p>\n<p>In nessun caso CREA pu\u00f2 essere ritenuto responsabile dei danni di qualsiasi natura causati direttamente o indirettamente dall&#8217;accesso al sito, dall&#8217;incapacit\u00e0 o impossibilit\u00e0 di accedervi.<\/p>\n<p>CREA, inoltre, non potr\u00e0 essere ritenuto in alcun modo responsabile per i servizi di connettivit\u00e0 utilizzati dagli Utenti per l\u2019accesso al Portale.<\/p>\n<p>I documenti presenti in questo sito per lo scaricamento (download) quali ad esempio documentazione tecnica, documentazione normativa, software ecc., salvo diversa indicazione, sono liberamente e gratuitamente disponibili, in caso contrario viene prodotto un avviso come premessa nell&#8217;uso degli stessi.<\/p>\n<h2>Accesso a siti esterni collegati<\/h2>\n<p>I collegamenti a siti esterni, indicati nel presente sito, sono forniti come semplice servizio agli utenti, con esclusione di ogni responsabilit\u00e0 sulla correttezza e sulla completezza dell\u2019insieme dei collegamenti indicati.<\/p>\n<p>L\u2019indicazione dei collegamenti non implica da parte di CREA alcun tipo di approvazione o condivisione di responsabilit\u00e0 in relazione alla legittimit\u00e0, alla completezza e alla correttezza delle informazioni contenute nei siti indicati.<\/p>\n<h2>Privacy<\/h2>\n<p>La privacy degli utenti \u00e8 molto importante. Per questo motivo \u00e8 stata predisposta un\u2019apposita Informativa sulla Privacy che l\u2019Utente, utilizzando il presente sito, accetta.<\/p>\n<h2>Social Media<\/h2>\n<p>CREA utilizza i social media per finalit\u00e0 istituzionali: informa, comunica, ascolta e pubblica contenuti di carattere istituzionale.<\/p>\n<p>I contenuti pubblicati comprendono fotografie, video istituzionali, comunicati stampa, informazioni di servizio, notizie relative all\u2019attivit\u00e0 del CREA e dei servizi ad esso collegati nonch\u00e9 opportunit\u00e0 di coinvolgimento e partecipazione dei cittadini. Attraverso i propri canali social, CREA pu\u00f2 condividere e rilanciare contenuti e messaggi di pubblico interesse e utilit\u00e0 pubblicati da altri utenti.<\/p>\n<p>I canali social vengono costantemente e sistematicamente monitorati.<\/p>\n<p>CREA si impegna a gestire spazi di comunicazione e dialogo all\u2019interno dei propri profili nelle diverse piattaforme social chiedendo ai propri utenti il rispetto di alcune semplici regole di correttezza, misura e rispetto.<\/p>\n<p>Nei social media ognuno \u00e8 responsabile dei contenuti che pubblica e delle opinioni che esprime. Non saranno comunque tollerati insulti, volgarit\u00e0, offese, minacce e, in generale, atteggiamenti violenti o diffamatori. L\u2019interesse degli argomenti rispetto alle attivit\u00e0 del CREA \u00e8 un requisito essenziale: non \u00e8 possibile in alcun modo utilizzare questi spazi per scopi diversi da quelli istituzionali. Non sar\u00e0 tollerata alcuna forma di pubblicit\u00e0, spam o promozione di interessi privati o di attivit\u00e0 illegali e non sono ammessi contenuti che violino il diritto d\u2019autore n\u00e9 l\u2019utilizzo non autorizzato di marchi registrati.<\/p>\n<p>In ogni caso &#8211; ove il social media lo permetta &#8211; saranno rimossi dallo staff tutti i post, i commenti o i materiali audio\/video che presentano un linguaggio non appropriato, minaccioso, violento, volgare o irrispettoso, che presentano contenuti illeciti, offensivi, osceni, ingannevoli, allarmisti, discriminatori, che promuovono o sostengono attivit\u00e0 illegali, che violano il copyright.<\/p>\n<p>Di seguito si indicano i profili social ufficiali del CREA:<\/p>\n<ul><li><a style=\"color: #076633; outline: 0px; word-spacing: normal; background-color: rgba(255, 255, 255, 0.02);\" href=\"https:\/\/www.facebook.com\/CREARicerca\/\" target=\"_blank\" rel=\"noopener\"><span style=\"font-weight: bold;\">Facebook<\/span><\/a><\/li>\n<li><a style=\"color: #076633; outline: 0px; word-spacing: normal; background-color: rgba(255, 255, 255, 0.02);\" href=\"https:\/\/twitter.com\/CREARicerca\" target=\"_blank\" rel=\"noopener\"><span style=\"font-weight: bold;\">Twitter<\/span><\/a><\/li>\n<li><a style=\"color: #076633; outline: 0px; word-spacing: normal; background-color: rgba(255, 255, 255, 0.02);\" href=\"https:\/\/www.youtube.com\/channel\/UCJ8RdeFgPyGA8eyVHulEiOg\" target=\"_blank\" rel=\"noopener\"><span style=\"font-weight: bold;\">YouTube<\/span><\/a><\/li><li><a href=\"https:\/\/www.linkedin.com\/company\/crea-ricerca\/\" target=\"_blank\" rel=\"noopener\" style=\"color: rgb(7, 102, 51); outline: 0px; word-spacing: normal; background-color: rgba(255, 255, 255, 0.02);\"><span style=\"font-weight: bold;\">Linkedin<\/span><\/a><\/li>\n<\/ul>\n<p>Eventuali altri account riferiti al CREA non sono da questa gestiti.<\/p>\t\t\t\t\t\t<\/div>\n\t\t\t\t<\/div>\n\t\t\t\t\t<\/div>\n\t\t<\/div>\n\t\t\t\t\t\t\t<\/div>\n\t\t<\/section>\n\t\t\t\t\t\t\t<\/div>\n\t\t","protected":false},"excerpt":{"rendered":"<p>Premessa Il Consiglio per la Ricerca in agricoltura e l\u2019analisi dell\u2019Economia Agraria (CREA) ha realizzato il Sito&nbsp;innovaluppolo.crea.gov.it&nbsp;(di seguito \u201cil Sito\u201d) con l&#8217;obiettivo di pubblicare dati e documenti relativi ai servizi, alla struttura e alle attivit\u00e0 svolte dall\u2019Ente e di fornire a pubbliche amministrazioni, imprese e cittadini informazioni sul settore agroalimentare. Nella presente pagina sono riportate&hellip;<\/p>\n","protected":false},"author":1,"featured_media":2806,"parent":0,"menu_order":0,"comment_status":"closed","ping_status":"closed","template":"","meta":[],"yoast_head":"<!-- This site is optimized with the Yoast SEO plugin v18.5.1 - https:\/\/yoast.com\/wordpress\/plugins\/seo\/ -->\n<title>Note Legali - InnovaLuppolo<\/title>\n<meta name=\"description\" content=\"Nella presente pagina sono riportate le Note legali relative all\u2019utilizzo del Sito innovaluppolo.crea.gov.it\" \/>\n<meta name=\"robots\" content=\"index, follow, max-snippet:-1, max-image-preview:large, max-video-preview:-1\" \/>\n<link rel=\"canonical\" href=\"https:\/\/innovaluppolo.crea.gov.it\/?page_id=3021\" \/>\n<meta property=\"og:locale\" content=\"it_IT\" \/>\n<meta property=\"og:type\" content=\"article\" \/>\n<meta property=\"og:title\" content=\"Note Legali - InnovaLuppolo\" \/>\n<meta property=\"og:description\" content=\"Nella presente pagina sono riportate le Note legali relative all\u2019utilizzo del Sito innovaluppolo.crea.gov.it\" \/>\n<meta property=\"og:url\" content=\"https:\/\/innovaluppolo.crea.gov.it\/?page_id=3021\" \/>\n<meta property=\"og:site_name\" content=\"InnovaLuppolo\" \/>\n<meta property=\"article:modified_time\" content=\"2023-04-18T11:03:08+00:00\" \/>\n<meta property=\"og:image\" content=\"https:\/\/innovaluppolo.crea.gov.it\/wp-content\/uploads\/2020\/10\/Fb_Meta.png\" \/>\n\t<meta property=\"og:image:width\" content=\"1200\" \/>\n\t<meta property=\"og:image:height\" content=\"573\" \/>\n\t<meta property=\"og:image:type\" content=\"image\/png\" \/>\n<meta name=\"twitter:card\" content=\"summary_large_image\" \/>\n<meta name=\"twitter:label1\" content=\"Tempo di lettura stimato\" \/>\n\t<meta name=\"twitter:data1\" content=\"4 minuti\" \/>\n<script type=\"application\/ld+json\" class=\"yoast-schema-graph\">{\"@context\":\"https:\/\/schema.org\",\"@graph\":[{\"@type\":\"Organization\",\"@id\":\"https:\/\/innovaluppolo.crea.gov.it\/#organization\",\"name\":\"Innova.Luppolo - CREA\",\"url\":\"https:\/\/innovaluppolo.crea.gov.it\/\",\"sameAs\":[],\"logo\":{\"@type\":\"ImageObject\",\"@id\":\"https:\/\/innovaluppolo.crea.gov.it\/#logo\",\"inLanguage\":\"it-IT\",\"url\":\"https:\/\/innovaluppolo.crea.gov.it\/wp-content\/uploads\/2020\/10\/Logo_Innova_Luppolo_CMYK_150.png\",\"contentUrl\":\"https:\/\/innovaluppolo.crea.gov.it\/wp-content\/uploads\/2020\/10\/Logo_Innova_Luppolo_CMYK_150.png\",\"width\":531,\"height\":150,\"caption\":\"Innova.Luppolo - CREA\"},\"image\":{\"@id\":\"https:\/\/innovaluppolo.crea.gov.it\/#logo\"}},{\"@type\":\"WebSite\",\"@id\":\"https:\/\/innovaluppolo.crea.gov.it\/#website\",\"url\":\"https:\/\/innovaluppolo.crea.gov.it\/\",\"name\":\"InnovaLuppolo\",\"description\":\"Progetto di ricerca CREA sul luppolo italiano\",\"publisher\":{\"@id\":\"https:\/\/innovaluppolo.crea.gov.it\/#organization\"},\"potentialAction\":[{\"@type\":\"SearchAction\",\"target\":{\"@type\":\"EntryPoint\",\"urlTemplate\":\"https:\/\/innovaluppolo.crea.gov.it\/?s={search_term_string}\"},\"query-input\":\"required name=search_term_string\"}],\"inLanguage\":\"it-IT\"},{\"@type\":\"ImageObject\",\"@id\":\"https:\/\/innovaluppolo.crea.gov.it\/?page_id=3021#primaryimage\",\"inLanguage\":\"it-IT\",\"url\":\"https:\/\/innovaluppolo.crea.gov.it\/wp-content\/uploads\/2020\/10\/Fb_Meta.png\",\"contentUrl\":\"https:\/\/innovaluppolo.crea.gov.it\/wp-content\/uploads\/2020\/10\/Fb_Meta.png\",\"width\":1200,\"height\":573},{\"@type\":\"WebPage\",\"@id\":\"https:\/\/innovaluppolo.crea.gov.it\/?page_id=3021#webpage\",\"url\":\"https:\/\/innovaluppolo.crea.gov.it\/?page_id=3021\",\"name\":\"Note Legali - InnovaLuppolo\",\"isPartOf\":{\"@id\":\"https:\/\/innovaluppolo.crea.gov.it\/#website\"},\"primaryImageOfPage\":{\"@id\":\"https:\/\/innovaluppolo.crea.gov.it\/?page_id=3021#primaryimage\"},\"datePublished\":\"2020-10-21T07:02:08+00:00\",\"dateModified\":\"2023-04-18T11:03:08+00:00\",\"description\":\"Nella presente pagina sono riportate le Note legali relative all\u2019utilizzo del Sito innovaluppolo.crea.gov.it\",\"breadcrumb\":{\"@id\":\"https:\/\/innovaluppolo.crea.gov.it\/?page_id=3021#breadcrumb\"},\"inLanguage\":\"it-IT\",\"potentialAction\":[{\"@type\":\"ReadAction\",\"target\":[\"https:\/\/innovaluppolo.crea.gov.it\/?page_id=3021\"]}]},{\"@type\":\"BreadcrumbList\",\"@id\":\"https:\/\/innovaluppolo.crea.gov.it\/?page_id=3021#breadcrumb\",\"itemListElement\":[{\"@type\":\"ListItem\",\"position\":1,\"name\":\"Home\",\"item\":\"https:\/\/innovaluppolo.crea.gov.it\/\"},{\"@type\":\"ListItem\",\"position\":2,\"name\":\"Note Legali\"}]}]}<\/script>\n<!-- \/ Yoast SEO plugin. -->","yoast_head_json":{"title":"Note Legali - InnovaLuppolo","description":"Nella presente pagina sono riportate le Note legali relative all\u2019utilizzo del Sito innovaluppolo.crea.gov.it","robots":{"index":"index","follow":"follow","max-snippet":"max-snippet:-1","max-image-preview":"max-image-preview:large","max-video-preview":"max-video-preview:-1"},"canonical":"https:\/\/innovaluppolo.crea.gov.it\/?page_id=3021","og_locale":"it_IT","og_type":"article","og_title":"Note Legali - InnovaLuppolo","og_description":"Nella presente pagina sono riportate le Note legali relative all\u2019utilizzo del Sito innovaluppolo.crea.gov.it","og_url":"https:\/\/innovaluppolo.crea.gov.it\/?page_id=3021","og_site_name":"InnovaLuppolo","article_modified_time":"2023-04-18T11:03:08+00:00","og_image":[{"width":1200,"height":573,"url":"https:\/\/innovaluppolo.crea.gov.it\/wp-content\/uploads\/2020\/10\/Fb_Meta.png","type":"image\/png"}],"twitter_card":"summary_large_image","twitter_misc":{"Tempo di lettura stimato":"4 minuti"},"schema":{"@context":"https:\/\/schema.org","@graph":[{"@type":"Organization","@id":"https:\/\/innovaluppolo.crea.gov.it\/#organization","name":"Innova.Luppolo - CREA","url":"https:\/\/innovaluppolo.crea.gov.it\/","sameAs":[],"logo":{"@type":"ImageObject","@id":"https:\/\/innovaluppolo.crea.gov.it\/#logo","inLanguage":"it-IT","url":"https:\/\/innovaluppolo.crea.gov.it\/wp-content\/uploads\/2020\/10\/Logo_Innova_Luppolo_CMYK_150.png","contentUrl":"https:\/\/innovaluppolo.crea.gov.it\/wp-content\/uploads\/2020\/10\/Logo_Innova_Luppolo_CMYK_150.png","width":531,"height":150,"caption":"Innova.Luppolo - CREA"},"image":{"@id":"https:\/\/innovaluppolo.crea.gov.it\/#logo"}},{"@type":"WebSite","@id":"https:\/\/innovaluppolo.crea.gov.it\/#website","url":"https:\/\/innovaluppolo.crea.gov.it\/","name":"InnovaLuppolo","description":"Progetto di ricerca CREA sul luppolo italiano","publisher":{"@id":"https:\/\/innovaluppolo.crea.gov.it\/#organization"},"potentialAction":[{"@type":"SearchAction","target":{"@type":"EntryPoint","urlTemplate":"https:\/\/innovaluppolo.crea.gov.it\/?s={search_term_string}"},"query-input":"required name=search_term_string"}],"inLanguage":"it-IT"},{"@type":"ImageObject","@id":"https:\/\/innovaluppolo.crea.gov.it\/?page_id=3021#primaryimage","inLanguage":"it-IT","url":"https:\/\/innovaluppolo.crea.gov.it\/wp-content\/uploads\/2020\/10\/Fb_Meta.png","contentUrl":"https:\/\/innovaluppolo.crea.gov.it\/wp-content\/uploads\/2020\/10\/Fb_Meta.png","width":1200,"height":573},{"@type":"WebPage","@id":"https:\/\/innovaluppolo.crea.gov.it\/?page_id=3021#webpage","url":"https:\/\/innovaluppolo.crea.gov.it\/?page_id=3021","name":"Note Legali - InnovaLuppolo","isPartOf":{"@id":"https:\/\/innovaluppolo.crea.gov.it\/#website"},"primaryImageOfPage":{"@id":"https:\/\/innovaluppolo.crea.gov.it\/?page_id=3021#primaryimage"},"datePublished":"2020-10-21T07:02:08+00:00","dateModified":"2023-04-18T11:03:08+00:00","description":"Nella presente pagina sono riportate le Note legali relative all\u2019utilizzo del Sito innovaluppolo.crea.gov.it","breadcrumb":{"@id":"https:\/\/innovaluppolo.crea.gov.it\/?page_id=3021#breadcrumb"},"inLanguage":"it-IT","potentialAction":[{"@type":"ReadAction","target":["https:\/\/innovaluppolo.crea.gov.it\/?page_id=3021"]}]},{"@type":"BreadcrumbList","@id":"https:\/\/innovaluppolo.crea.gov.it\/?page_id=3021#breadcrumb","itemListElement":[{"@type":"ListItem","position":1,"name":"Home","item":"https:\/\/innovaluppolo.crea.gov.it\/"},{"@type":"ListItem","position":2,"name":"Note Legali"}]}]}},"_links":{"self":[{"href":"https:\/\/innovaluppolo.crea.gov.it\/index.php?rest_route=\/wp\/v2\/pages\/3021"}],"collection":[{"href":"https:\/\/innovaluppolo.crea.gov.it\/index.php?rest_route=\/wp\/v2\/pages"}],"about":[{"href":"https:\/\/innovaluppolo.crea.gov.it\/index.php?rest_route=\/wp\/v2\/types\/page"}],"author":[{"embeddable":true,"href":"https:\/\/innovaluppolo.crea.gov.it\/index.php?rest_route=\/wp\/v2\/users\/1"}],"replies":[{"embeddable":true,"href":"https:\/\/innovaluppolo.crea.gov.it\/index.php?rest_route=%2Fwp%2Fv2%2Fcomments&post=3021"}],"version-history":[{"count":25,"href":"https:\/\/innovaluppolo.crea.gov.it\/index.php?rest_route=\/wp\/v2\/pages\/3021\/revisions"}],"predecessor-version":[{"id":5513,"href":"https:\/\/innovaluppolo.crea.gov.it\/index.php?rest_route=\/wp\/v2\/pages\/3021\/revisions\/5513"}],"wp:featuredmedia":[{"embeddable":true,"href":"https:\/\/innovaluppolo.crea.gov.it\/index.php?rest_route=\/wp\/v2\/media\/2806"}],"wp:attachment":[{"href":"https:\/\/innovaluppolo.crea.gov.it\/index.php?rest_route=%2Fwp%2Fv2%2Fmedia&parent=3021"}],"curies":[{"name":"wp","href":"https:\/\/api.w.org\/{rel}","templated":true}]}}